{"id":21,"date":"2020-01-21T20:50:59","date_gmt":"2020-01-21T19:50:59","guid":{"rendered":"http:\/\/51.75.161.103\/ditt_ek\/?page_id=21"},"modified":"2020-06-30T21:11:59","modified_gmt":"2020-06-30T19:11:59","slug":"kontakta-oss","status":"publish","type":"page","link":"https:\/\/dittekonomikontor.se\/index.php\/kontakta-oss\/","title":{"rendered":"Kontakta oss"},"content":{"rendered":"\n<figure class=\"wp-block-image size-large\"><img decoding=\"async\" loading=\"lazy\" width=\"1024\" height=\"128\" src=\"http:\/\/51.75.161.103\/ditt_ek\/wp-content\/uploads\/2020\/06\/fotorad-1024x128.png\" alt=\"\" class=\"wp-image-331\" srcset=\"https:\/\/dittekonomikontor.se\/wp-content\/uploads\/2020\/06\/fotorad-1024x128.png 1024w, https:\/\/dittekonomikontor.se\/wp-content\/uploads\/2020\/06\/fotorad-300x38.png 300w, https:\/\/dittekonomikontor.se\/wp-content\/uploads\/2020\/06\/fotorad-768x96.png 768w, https:\/\/dittekonomikontor.se\/wp-content\/uploads\/2020\/06\/fotorad-1536x192.png 1536w, https:\/\/dittekonomikontor.se\/wp-content\/uploads\/2020\/06\/fotorad-2048x256.png 2048w\" sizes=\"(max-width: 1024px) 100vw, 1024px\" \/><\/figure>\n\n\n\n<div style=\"height:20px\" aria-hidden=\"true\" class=\"wp-block-spacer\"><\/div>\n\n\n\n<div class=\"wp-block-image\"><figure class=\"aligncenter size-medium\"><img decoding=\"async\" loading=\"lazy\" width=\"300\" height=\"36\" src=\"http:\/\/51.75.161.103\/ditt_ek\/wp-content\/uploads\/2020\/04\/Logga-2020-04-01-300x36.png\" alt=\"\" class=\"wp-image-316\" srcset=\"https:\/\/dittekonomikontor.se\/wp-content\/uploads\/2020\/04\/Logga-2020-04-01-300x36.png 300w, https:\/\/dittekonomikontor.se\/wp-content\/uploads\/2020\/04\/Logga-2020-04-01-768x91.png 768w, https:\/\/dittekonomikontor.se\/wp-content\/uploads\/2020\/04\/Logga-2020-04-01.png 899w\" sizes=\"(max-width: 300px) 100vw, 300px\" \/><\/figure><\/div>\n\n\n\n<p style=\"color:#4585a0\" class=\"has-text-color has-text-align-center\">______________________________________________________________________________<\/p>\n\n\n\n<p style=\"color:#4585a0\" class=\"has-text-color has-text-align-center has-medium-font-size\">V\u00e4lkommen med dina fr\u00e5gor, stora som sm\u00e5.  <br>Vi erbjuder personligt engagemang f\u00f6r att f\u00f6renkla din vardag.<\/p>\n\n\n\n<p style=\"color:#4585a0\" class=\"has-text-color has-text-align-center has-medium-font-size\">E-post:<br><a href=\"mailto:info@dittekonomikontor.se\">info@dittekonomikontor.se<\/a><br>Telefon:<br>0730-84 30 30<\/p>\n\n\n\n<p style=\"color:#4585a0\" class=\"has-text-color has-text-align-center has-medium-font-size\">Adress:<br>Ditt Ekonomikontor i Laholm AB<br>Krokusv\u00e4gen 3<br>312 31 Laholm<\/p>\n\n\n\n<div style=\"height:20px\" aria-hidden=\"true\" class=\"wp-block-spacer\"><\/div>\n\n\n\n<div class=\"wp-block-image\"><figure class=\"aligncenter size-large\"><a href=\"https:\/\/goo.gl\/maps\/oVRhrWjr54ucaM3z7\" target=\"_blank\" rel=\"noreferrer noopener\"><img decoding=\"async\" loading=\"lazy\" width=\"445\" height=\"431\" src=\"http:\/\/51.75.161.103\/ditt_ek\/wp-content\/uploads\/2020\/02\/krokusvagen.png\" alt=\"\" class=\"wp-image-212\" srcset=\"https:\/\/dittekonomikontor.se\/wp-content\/uploads\/2020\/02\/krokusvagen.png 445w, https:\/\/dittekonomikontor.se\/wp-content\/uploads\/2020\/02\/krokusvagen-300x291.png 300w\" sizes=\"(max-width: 445px) 100vw, 445px\" \/><\/a><\/figure><\/div>\n\n\n\n<div style=\"height:81px\" aria-hidden=\"true\" class=\"wp-block-spacer\"><\/div>\n","protected":false},"excerpt":{"rendered":"<p>V\u00e4lkommen med dina fr\u00e5gor, stora som sm\u00e5. Vi erbjuder personligt engagemang f\u00f6r att f\u00f6renkla din vardag. E-post:info@dittekonomikontor.seTelefon:0730-84 30 30 Adress:Ditt Ekonomikontor i Laholm ABKrokusv\u00e4gen 3312 31 Laholm<\/p>\n","protected":false},"author":1,"featured_media":212,"parent":0,"menu_order":0,"comment_status":"closed","ping_status":"closed","template":"","meta":[],"_links":{"self":[{"href":"https:\/\/dittekonomikontor.se\/index.php\/wp-json\/wp\/v2\/pages\/21"}],"collection":[{"href":"https:\/\/dittekonomikontor.se\/index.php\/wp-json\/wp\/v2\/pages"}],"about":[{"href":"https:\/\/dittekonomikontor.se\/index.php\/wp-json\/wp\/v2\/types\/page"}],"author":[{"embeddable":true,"href":"https:\/\/dittekonomikontor.se\/index.php\/wp-json\/wp\/v2\/users\/1"}],"replies":[{"embeddable":true,"href":"https:\/\/dittekonomikontor.se\/index.php\/wp-json\/wp\/v2\/comments?post=21"}],"version-history":[{"count":53,"href":"https:\/\/dittekonomikontor.se\/index.php\/wp-json\/wp\/v2\/pages\/21\/revisions"}],"predecessor-version":[{"id":346,"href":"https:\/\/dittekonomikontor.se\/index.php\/wp-json\/wp\/v2\/pages\/21\/revisions\/346"}],"wp:featuredmedia":[{"embeddable":true,"href":"https:\/\/dittekonomikontor.se\/index.php\/wp-json\/wp\/v2\/media\/212"}],"wp:attachment":[{"href":"https:\/\/dittekonomikontor.se\/index.php\/wp-json\/wp\/v2\/media?parent=21"}],"curies":[{"name":"wp","href":"https:\/\/api.w.org\/{rel}","templated":true}]}}