{"id":18,"date":"2020-01-21T20:50:47","date_gmt":"2020-01-21T19:50:47","guid":{"rendered":"http:\/\/51.75.161.103\/ditt_ek\/?page_id=18"},"modified":"2021-12-07T10:17:23","modified_gmt":"2021-12-07T09:17:23","slug":"hem","status":"publish","type":"page","link":"https:\/\/dittekonomikontor.se\/","title":{"rendered":"Hem"},"content":{"rendered":"\n<div style=\"height:20px\" aria-hidden=\"true\" class=\"wp-block-spacer\"><\/div>\n\n\n\n<div class=\"wp-block-image\"><figure class=\"aligncenter size-large\"><img decoding=\"async\" loading=\"lazy\" width=\"1024\" height=\"128\" src=\"http:\/\/51.75.161.103\/ditt_ek\/wp-content\/uploads\/2020\/06\/fotorad-1024x128.png\" alt=\"\" class=\"wp-image-331\" srcset=\"https:\/\/dittekonomikontor.se\/wp-content\/uploads\/2020\/06\/fotorad-1024x128.png 1024w, https:\/\/dittekonomikontor.se\/wp-content\/uploads\/2020\/06\/fotorad-300x38.png 300w, https:\/\/dittekonomikontor.se\/wp-content\/uploads\/2020\/06\/fotorad-768x96.png 768w, https:\/\/dittekonomikontor.se\/wp-content\/uploads\/2020\/06\/fotorad-1536x192.png 1536w, https:\/\/dittekonomikontor.se\/wp-content\/uploads\/2020\/06\/fotorad-2048x256.png 2048w\" sizes=\"(max-width: 1024px) 100vw, 1024px\" \/><\/figure><\/div>\n\n\n\n<p style=\"color:#4585a0\" class=\"has-text-color has-text-align-center has-large-font-size\"> V\u00e4lkommen! <\/p>\n\n\n\n<p style=\"color:#4585a0\" class=\"has-text-color has-text-align-center has-medium-font-size\"> V\u00e4lkommen till den lilla redovisningsbyr\u00e5n f\u00f6r sm\u00e5 och medelstora f\u00f6retag.<\/p>\n\n\n\n<p style=\"color:#4585a0\" class=\"has-text-color has-text-align-center has-medium-font-size\"> Vi erbjuder dig ekonomitj\u00e4nster fr\u00e5n sm\u00e5 uppdrag som momsavst\u00e4mning och m\u00e5nadsrapporter till helhetsl\u00f6sningar f\u00f6r det lite st\u00f6rre ekonomikontoret.  <\/p>\n\n\n\n<p style=\"color:#4585a0\" class=\"has-text-color has-text-align-center has-medium-font-size\"><a href=\"https:\/\/dittekonomikontor.se\/index.php\/kontakta-oss\/\">Kontakta oss &gt;&gt;<\/a> <\/p>\n\n\n\n<div style=\"height:40px\" aria-hidden=\"true\" class=\"wp-block-spacer\"><\/div>\n\n\n\n<div style=\"height:75px\" aria-hidden=\"true\" class=\"wp-block-spacer\"><\/div>\n","protected":false},"excerpt":{"rendered":"<p>V\u00e4lkommen! V\u00e4lkommen till den lilla redovisningsbyr\u00e5n f\u00f6r sm\u00e5 och medelstora f\u00f6retag. Vi erbjuder dig ekonomitj\u00e4nster fr\u00e5n sm\u00e5 uppdrag som momsavst\u00e4mning och m\u00e5nadsrapporter till helhetsl\u00f6sningar f\u00f6r det lite st\u00f6rre ekonomikontoret. Kontakta oss &gt;&gt;<\/p>\n","protected":false},"author":1,"featured_media":0,"parent":0,"menu_order":0,"comment_status":"closed","ping_status":"closed","template":"","meta":[],"_links":{"self":[{"href":"https:\/\/dittekonomikontor.se\/index.php\/wp-json\/wp\/v2\/pages\/18"}],"collection":[{"href":"https:\/\/dittekonomikontor.se\/index.php\/wp-json\/wp\/v2\/pages"}],"about":[{"href":"https:\/\/dittekonomikontor.se\/index.php\/wp-json\/wp\/v2\/types\/page"}],"author":[{"embeddable":true,"href":"https:\/\/dittekonomikontor.se\/index.php\/wp-json\/wp\/v2\/users\/1"}],"replies":[{"embeddable":true,"href":"https:\/\/dittekonomikontor.se\/index.php\/wp-json\/wp\/v2\/comments?post=18"}],"version-history":[{"count":50,"href":"https:\/\/dittekonomikontor.se\/index.php\/wp-json\/wp\/v2\/pages\/18\/revisions"}],"predecessor-version":[{"id":357,"href":"https:\/\/dittekonomikontor.se\/index.php\/wp-json\/wp\/v2\/pages\/18\/revisions\/357"}],"wp:attachment":[{"href":"https:\/\/dittekonomikontor.se\/index.php\/wp-json\/wp\/v2\/media?parent=18"}],"curies":[{"name":"wp","href":"https:\/\/api.w.org\/{rel}","templated":true}]}}